{"id":45,"date":"2015-07-20T10:39:01","date_gmt":"2015-07-20T07:39:01","guid":{"rendered":"http:\/\/demo.themegrill.com\/himalayas\/?page_id=45"},"modified":"2023-07-31T16:03:33","modified_gmt":"2023-07-31T13:03:33","slug":"contact-us-now","status":"publish","type":"page","link":"https:\/\/ilkerkocak.com.tr\/en\/contact-us-now\/","title":{"rendered":""},"content":{"rendered":"<div class=\"wp-block-group alignfull\"><div class=\"wp-block-group__inner-container is-layout-constrained wp-block-group-is-layout-constrained\">\n<div class=\"wp-block-columns is-layout-flex wp-container-core-columns-is-layout-1 wp-block-columns-is-layout-flex\">\n<div class=\"wp-block-column is-vertically-aligned-center has-medium-font-size is-layout-flow wp-block-column-is-layout-flow\" style=\"flex-basis:100%\">\n<p class=\"has-text-align-center\"><img loading=\"lazy\" decoding=\"async\" width=\"30\" height=\"30\" class=\"wp-image-1065\" src=\"http:\/\/ilkerkocak.com.tr\/wp-content\/uploads\/2020\/05\/Point.jpg\" alt=\"\"><strong>Address<\/strong>: Atak\u00f6y 7-8-9-10. K\u0131s\u0131m Mah. \u00c7oban\u00e7e\u015fme E5 yanyol Cad. &nbsp; Atak\u00f6y Towers B Blok Daire : 162 Bak\u0131rk\u00f6y \/ \u0130stanbul \/ T\u00fcrkiye &nbsp; <\/p>\n\n\n\n<p class=\"has-text-align-center\"><img loading=\"lazy\" decoding=\"async\" width=\"20\" height=\"20\" class=\"wp-image-1065\" src=\"http:\/\/ilkerkocak.com.tr\/wp-content\/uploads\/2020\/05\/phone.png\" alt=\"\"><strong>  Phone<\/strong>: +90 532 058 0385 ( whatsapp )<\/p>\n\n\n\n<p class=\"has-text-align-center\">+90 552 338 0385 ( whatsapp )<\/p>\n<\/div>\n<\/div>\n\n\n\n<div class=\"wp-block-columns alignfull is-layout-flex wp-container-core-columns-is-layout-2 wp-block-columns-is-layout-flex\">\n<div class=\"wp-block-column is-vertically-aligned-center is-layout-flow wp-block-column-is-layout-flow\" style=\"flex-basis:100%\">\n<p>                                                      <\/p>\n\n\n<div class=\"wp-block-image\">\n<figure class=\"aligncenter size-large is-resized\"><img loading=\"lazy\" decoding=\"async\" src=\"http:\/\/ilkerkocak.com.tr\/wp-content\/uploads\/2020\/05\/KONUM.png\" alt=\"\" class=\"wp-image-1065\" width=\"548\" height=\"320\" srcset=\"https:\/\/ilkerkocak.com.tr\/wp-content\/uploads\/2020\/05\/KONUM.png 548w, https:\/\/ilkerkocak.com.tr\/wp-content\/uploads\/2020\/05\/KONUM-300x175.png 300w\" sizes=\"auto, (max-width: 548px) 100vw, 548px\" \/><\/figure><\/div><\/div>\n<\/div>\n<\/div><\/div>","protected":false},"excerpt":{"rendered":"<p>Adres: Atak\u00f6y 7-8-9-10. K\u0131s\u0131m Mah. \u00c7oban\u00e7e\u015fme E5 yanyol Cad. &nbsp; Atak\u00f6y Towers B Blok Daire : 162 Bak\u0131rk\u00f6y \/ \u0130stanbul \/ T\u00fcrkiye &nbsp; Telefon: +90<\/p>","protected":false},"author":1,"featured_media":0,"parent":0,"menu_order":0,"comment_status":"closed","ping_status":"closed","template":"","meta":{"footnotes":""},"class_list":["post-45","page","type-page","status-publish","hentry"],"_links":{"self":[{"href":"https:\/\/ilkerkocak.com.tr\/en\/wp-json\/wp\/v2\/pages\/45","targetHints":{"allow":["GET"]}}],"collection":[{"href":"https:\/\/ilkerkocak.com.tr\/en\/wp-json\/wp\/v2\/pages"}],"about":[{"href":"https:\/\/ilkerkocak.com.tr\/en\/wp-json\/wp\/v2\/types\/page"}],"author":[{"embeddable":true,"href":"https:\/\/ilkerkocak.com.tr\/en\/wp-json\/wp\/v2\/users\/1"}],"replies":[{"embeddable":true,"href":"https:\/\/ilkerkocak.com.tr\/en\/wp-json\/wp\/v2\/comments?post=45"}],"version-history":[{"count":52,"href":"https:\/\/ilkerkocak.com.tr\/en\/wp-json\/wp\/v2\/pages\/45\/revisions"}],"predecessor-version":[{"id":1491,"href":"https:\/\/ilkerkocak.com.tr\/en\/wp-json\/wp\/v2\/pages\/45\/revisions\/1491"}],"wp:attachment":[{"href":"https:\/\/ilkerkocak.com.tr\/en\/wp-json\/wp\/v2\/media?parent=45"}],"curies":[{"name":"wp","href":"https:\/\/api.w.org\/{rel}","templated":true}]}}