{"id":495,"date":"2020-03-25T00:43:45","date_gmt":"2020-03-24T21:43:45","guid":{"rendered":"http:\/\/ilkerkocak.com.tr\/?page_id=495"},"modified":"2020-05-19T03:41:48","modified_gmt":"2020-05-19T00:41:48","slug":"scientific-studies-and-publications","status":"publish","type":"page","link":"https:\/\/ilkerkocak.com.tr\/en\/scientific-studies-and-publications\/","title":{"rendered":"SCIENTIFIC STUDIES AND PUBLICATIONS"},"content":{"rendered":"<p style=\"font-size:18px\"><strong>             <\/strong><\/p>\n\n\n\n<p class=\" translation-block\">1. Do\u011fan R, <strong>Ko\u00e7ak \u0130lker<\/strong>, Eren SB. Huge  guatr. T\u00fcrk Otolaringoloji Ar\u015fivi, 2011; 49(2): 40-44, DOI: 10.5152\/tao.2011.11<\/p>\n\n\n\n<p>2. Tugrul S, Eren SB, Dogan R, <strong>Ko\u00e7ak \u0130lker<\/strong>, Sharifov R, Ozturan O. &nbsp;<a href=\"http:\/\/www.ncbi.nlm.nih.gov\/pubmed\/23541847\">Intratympanic aberrant and hypoplastic carotid artery.<\/a>&nbsp;Am J Otolaryngol. 2013 Sep-Oct;34(5):608-10.<\/p>\n\n\n\n<p>3. Eren SB, <strong>Ko\u00e7ak \u0130lker<\/strong>, Dogan R<strong>,<\/strong>&nbsp;Ozturan O, Y\u0131ld\u0131r\u0131m YS. A comprasion of the long-term results of crushing and crushing with intrinsic stripping techniques in concha bullosa surgery Int&nbsp;Forum&nbsp;Allergy Rhinol. 2014 Sep;4(9):753-8.<\/p>\n\n\n\n<p>4.&nbsp;Tu\u011frul S, Do\u011fan R, <strong>Ko\u00e7ak \u0130lker<\/strong>, Eren SB, Ozturan O. A rare cause of nasal obstruction and headache: A giant bullae ethmoidalis inside the concha bullosa. Medical Journal of the Mustafa Kemal University, 2014:5; 53-58<\/p>\n\n\n\n<p>5<strong>.<\/strong>&nbsp;&nbsp;Tugrul S, Dogan R<strong>,<\/strong>&nbsp;<strong>Ko\u00e7ak \u0130lker<\/strong>, Dogan R, Ozturan O. Asymmetrically Pressing Nasal Splint for Crooked Nose Deformity: Prospective randomized controlled trial. J Craniofac Surg. 2015 Jan;26(1):180-5.&nbsp;<\/p>\n\n\n\n<p>6.&nbsp;Tugrul S, Dogan R<strong>, <\/strong><strong>Ko\u00e7ak \u0130lker<\/strong>, Eren SB, Ozturan O.&nbsp;Split cartilage resection of nasal dome: &nbsp;A solution to ptotic nasal tips. J Craniofac Surg.2015 Jul;26(5):e400-5.<\/p>\n\n\n\n<p><strong>7.<\/strong>&nbsp;Aksoy F, Dogan R, <strong>Ko\u00e7ak \u0130lker<\/strong>, Veyseller B, Ozturan O, \u0130ncir S. Effect of Nasal Corticosteroid on Secretory Immunoglobulin A Measured in Rat Nasal Lavage: Experimental Study. Otolaryngol&nbsp;Head Neck. 2015 Aug;153(2):298-301.&nbsp;<\/p>\n\n\n\n<p>8<strong>.<\/strong>&nbsp;<strong>Ko\u00e7ak \u0130lker<\/strong>, G\u00f6kler O, Do\u011fan R<strong>.<\/strong>&nbsp;<a href=\"http:\/\/www.ncbi.nlm.nih.gov\/pubmed\/27194152\">Is it effective to use the crushing technique in all types of concha bullosa.<\/a>&nbsp;Eur Arch Otorhinolaryngol. 2016 Nov;273(11):3775-3781<\/p>\n\n\n\n<p><strong>9.<\/strong>&nbsp;Tugrul S, Dogan R, Senturk E, <strong>Ko\u00e7ak \u0130lker<\/strong>, Sezen E, Bakan M, Ozturan O. Effect of the premedication with oral clonidine on surgical comfort in patients undergoing fess due to advanced nasal polyposis: A randomized double blind clinical trial. Am J Otolaryngol. 2016 Nov &#8211; Dec;37(6):538-543<\/p>\n\n\n\n<p>10<strong>. <\/strong>&nbsp;<strong>Ko\u00e7ak \u0130lker<\/strong><strong>,<\/strong>&nbsp;Dogan R, Gokler O. A comparison of piezosurgery with conventional techniques for internal osteotomy. Eur Arch Otorhinolaryngol. 2017 Jun;274(6):2483-2491<\/p>\n\n\n\n<p>11.&nbsp;<strong>Ko\u00e7ak \u0130lker<\/strong><strong>,<\/strong>&nbsp;Senturk E. Osteoplasty in Crooked Nose Deformity: A Novel Approach.&nbsp;Aesthetic Plast Surg. 2017 Jun;41(3):628-636.<\/p>\n\n\n\n<p>12.&nbsp;<strong>Ko\u00e7ak \u0130lker<\/strong>, Dogan R, Eren SB, Tugrul S, Ozturan O, Hafiz AM.&nbsp;Changes occurring in mucosal contractility of the inferior turbinate and mucociliary clearance following total laryngectomy: A prospective clinical trial.&nbsp;Auris Nasus Larynx. 2017 Jul 12. pii: S0385-8146(17)30001-9<\/p>\n\n\n\n<p>13.&nbsp;<strong>Ko\u00e7ak \u0130lker<\/strong>, \u015eent\u00fcrk E. A New Modification of Doyle Splint (Hemi-Split Doyle) in Rhinoplasty with Alar Base Reduction.&nbsp;Eur Arch Otorhinolaryngol. 2017 Aug 9. doi: 10.1007\/s00405-017-4701-x.<\/p>\n\n\n\n<p>14.&nbsp;<strong>Ko\u00e7ak \u0130lker<\/strong>, Sarac S, Aydogan E, \u015eent\u00fcrk E, Akak\u0131n D, Koroglu K, \u00d6zer \u00d6F.&nbsp;Evaluation of the Possible Protective Role of Naringenin on Gentamicin-Induced Ototoxicity: A Preliminary Study. Int J Pediatr Otorhinolaryngol. 2017 Sep;100:247-253<\/p>\n\n\n\n<p>15.&nbsp;<strong>Ko\u00e7ak \u0130lker<\/strong>, Y\u00fccepur C ,G\u00f6kler O. Is Ginger effective in reducing post-tonsillectomy morbidity? A prospective randomised clinical trial. Clin Exp Otorhinolaryngol. 2017 Sep 8. doi: 10.21053<\/p>\n\n\n\n<p>16.&nbsp;\u00d6z\u00fccer B, Din\u00e7 ME, Paltura C, <strong>Ko\u00e7ak \u0130lker<\/strong>, Dizdar D, \u00c7\u00f6rt\u00fck O, Uysal \u00d6. Association of Autologous Costal Cartilage Harvesting Technique With Donor-Site Pain in Patients Undergoing Rhinoplasty.&nbsp;JAMA Facial Plast Surg. 2017 Sep 21. doi: 10.1001<\/p>\n\n\n\n<p>17.&nbsp;Do\u011fan R, Aksoy F, Goktas SS, <strong>Ko\u00e7ak \u0130lker<\/strong>, Y\u0131ld\u0131r\u0131m YS, Incir S, \u00d6zturan O.&nbsp;Effect of nasal antihistamine on secretory IgA in nasal lavage of rats. Eur Arch Otorhinolaryngol. 2017 Oct 19. doi: 10.1007\/s00405-017-4750-1<\/p>\n\n\n\n<p>18.&nbsp;<strong>Ko\u00e7ak \u0130lker<\/strong>, G\u00f6kler O, Aydo\u011fan E, Karanfil I, \u00dcnal \u00d6F. Can Yoga Cause Benign Paroxysmal Positional Vertigo? Kulak Burun Bogaz Ihtis Derg 2017;27(4):159-163<\/p>\n\n\n\n<p>19. <strong>Ko\u00e7ak \u0130lker<\/strong>, \u00dcnal \u00d6F, Aydo\u011fan E, Do\u011fan R, &nbsp;Akak\u0131n D, K\u00f6ro\u011flu K, \u00d6zer \u00d6F. The Protective effect of thymol against cisplatin-induced ototoxicity: An experimental animal study. KBB-Forum, 2017;16(2): 43-52<\/p>\n\n\n\n<p>20. Senturk E, Yildirim YS, Dogan R, Ozturan O, Guler EM, Aydin MS, Kocyigit A, Esrefoglu M, <strong>Ko\u00e7ak \u0130lker<\/strong>. Assessment of the effectiveness of cyclosporine nasal spray in an animal model of allergic rhinitis. Eur Arch Otorhinolaryngol. 2017 Oct 25. doi: 10.1007\/s00405-017-4786-2<\/p>\n\n\n\n<p>21. <strong>Ko\u00e7ak \u0130lker<\/strong>, G\u00f6kler O, \u015eent\u00fcrk E.&nbsp;&nbsp;Is Osteoplasty With Unilateral Osteotomy Effective in the Correction of the Crooked Nose?&nbsp;J Craniofac Surg. 2017 Nov 20. doi:10.1097\/SCS.0000000000004130.<\/p>\n\n\n\n<p>22.&nbsp;G\u00f6kler O, <strong>Ko\u00e7ak \u0130lker<\/strong>, Aydo\u011fan E, Karanfil I, Ba\u015f C. &nbsp;Evaluation of Benign Paroxysmal Positional Vertigo in American Football Players. J Int Adv Otol 2018; 14: 295-298<\/p>","protected":false},"excerpt":{"rendered":"<p>1.&nbsp;Do\u011fan R, Ko\u00e7ak \u0130lker, Eren SB. Huge &nbsp;guatr. T\u00fcrk Otolaringoloji Ar\u015fivi, 2011; 49(2): 40-44, DOI: 10.5152\/tao.2011.11 2. Tugrul S, Eren SB, Dogan R, Ko\u00e7ak \u0130lker,<\/p>","protected":false},"author":1,"featured_media":801,"parent":0,"menu_order":3,"comment_status":"closed","ping_status":"closed","template":"page-templates\/template-services.php","meta":{"footnotes":""},"class_list":["post-495","page","type-page","status-publish","has-post-thumbnail","hentry"],"_links":{"self":[{"href":"https:\/\/ilkerkocak.com.tr\/en\/wp-json\/wp\/v2\/pages\/495","targetHints":{"allow":["GET"]}}],"collection":[{"href":"https:\/\/ilkerkocak.com.tr\/en\/wp-json\/wp\/v2\/pages"}],"about":[{"href":"https:\/\/ilkerkocak.com.tr\/en\/wp-json\/wp\/v2\/types\/page"}],"author":[{"embeddable":true,"href":"https:\/\/ilkerkocak.com.tr\/en\/wp-json\/wp\/v2\/users\/1"}],"replies":[{"embeddable":true,"href":"https:\/\/ilkerkocak.com.tr\/en\/wp-json\/wp\/v2\/comments?post=495"}],"version-history":[{"count":4,"href":"https:\/\/ilkerkocak.com.tr\/en\/wp-json\/wp\/v2\/pages\/495\/revisions"}],"predecessor-version":[{"id":803,"href":"https:\/\/ilkerkocak.com.tr\/en\/wp-json\/wp\/v2\/pages\/495\/revisions\/803"}],"wp:featuredmedia":[{"embeddable":true,"href":"https:\/\/ilkerkocak.com.tr\/en\/wp-json\/wp\/v2\/media\/801"}],"wp:attachment":[{"href":"https:\/\/ilkerkocak.com.tr\/en\/wp-json\/wp\/v2\/media?parent=495"}],"curies":[{"name":"wp","href":"https:\/\/api.w.org\/{rel}","templated":true}]}}