{"id":52,"date":"2015-07-20T10:48:26","date_gmt":"2015-07-20T10:48:26","guid":{"rendered":"http:\/\/demo.themegrill.com\/himalayas\/?page_id=52"},"modified":"2023-08-20T11:14:04","modified_gmt":"2023-08-20T08:14:04","slug":"aboutme","status":"publish","type":"page","link":"https:\/\/ilkerkocak.com.tr\/en\/aboutme\/","title":{"rendered":"About Me"},"content":{"rendered":"<div class=\"wp-block-image\">\n<figure class=\"alignleft size-large is-resized\"><img loading=\"lazy\" decoding=\"async\" src=\"https:\/\/ilkerkocak.com.tr\/wp-content\/uploads\/2023\/08\/A87CAC70-9C2B-41DF-8162-09E3F8C58BB6-1001x1024.jpeg\" alt=\"\" class=\"wp-image-1498\" style=\"width:441px;height:339px\" width=\"441\" height=\"339\"\/><\/figure><\/div>\n\n\n<p class=\"has-normal-font-size\"><strong>\u0130lker Ko\u00e7ak,<\/strong>was born in 1984 in Antakya. He graduated from I.U. Cerrahpa\u015fa Faculty of Medicine in 2008. He finished his ENT Head and Neck Surgery residency in Bezmialem Vak\u0131f University Hospital in 2013. <\/p>\n\n\n\n<p class=\"has-normal-font-size\">In 2013, he was awarded the ENT-BBC Board Certificate. He worked at Ko\u00e7 University Hospital between 2014-2019. <\/p>\n\n\n\n<p class=\"has-normal-font-size\">He received associate professor degree  in 2018. <\/p>\n\n\n\n<p class=\"has-normal-font-size\">During his education he participated in many Rhinoplasty and Functional Nose Surgery studies. He has \u00a0nationally and internationally\u00a0published articles about ear nose and throat diseases. He regularly attends national and international congresses, symposiums and courses every year , in order to follow the latest innovations related to rhinoplasty.<\/p>\n\n\n\n<p class=\"has-normal-font-size translation-block\">Thanks to <strong>Op. Dr. S\u00fcreyya \u015eeneldir<\/strong>, who had expanded my horizons by sharing his knowledge and experience on rhinoplasty.<\/p>\n\n\n\n<p class=\"has-normal-font-size\"><\/p>","protected":false},"excerpt":{"rendered":"<p>\u0130lker Ko\u00e7ak, M. D. was born in 1984 in Antakya. He graduated from I.U. Cerrahpa\u015fa Faculty of Medicine in 2008. He finished his ENT Head and Neck Surgery residency in Bezmialem Vak\u0131f University Hospital in 2013. During his education he participated in many Rhinoplasty and Functional Nose Surgery studies. He worked at Ko\u00e7 University Hospital between 2014-2019. He received associate professor degree  in 2018. He has \u00a0nationally and internationally\u00a0published articles about ear nose and throat diseases. He regularly attends national and international congresses, symposiums and courses every year , in order to follow the latest innovations related to rhinoplasty.<\/p>","protected":false},"author":1,"featured_media":588,"parent":0,"menu_order":1,"comment_status":"closed","ping_status":"open","template":"page-templates\/template-services.php","meta":{"footnotes":""},"class_list":["post-52","page","type-page","status-publish","has-post-thumbnail","hentry"],"_links":{"self":[{"href":"https:\/\/ilkerkocak.com.tr\/en\/wp-json\/wp\/v2\/pages\/52","targetHints":{"allow":["GET"]}}],"collection":[{"href":"https:\/\/ilkerkocak.com.tr\/en\/wp-json\/wp\/v2\/pages"}],"about":[{"href":"https:\/\/ilkerkocak.com.tr\/en\/wp-json\/wp\/v2\/types\/page"}],"author":[{"embeddable":true,"href":"https:\/\/ilkerkocak.com.tr\/en\/wp-json\/wp\/v2\/users\/1"}],"replies":[{"embeddable":true,"href":"https:\/\/ilkerkocak.com.tr\/en\/wp-json\/wp\/v2\/comments?post=52"}],"version-history":[{"count":10,"href":"https:\/\/ilkerkocak.com.tr\/en\/wp-json\/wp\/v2\/pages\/52\/revisions"}],"predecessor-version":[{"id":1499,"href":"https:\/\/ilkerkocak.com.tr\/en\/wp-json\/wp\/v2\/pages\/52\/revisions\/1499"}],"wp:featuredmedia":[{"embeddable":true,"href":"https:\/\/ilkerkocak.com.tr\/en\/wp-json\/wp\/v2\/media\/588"}],"wp:attachment":[{"href":"https:\/\/ilkerkocak.com.tr\/en\/wp-json\/wp\/v2\/media?parent=52"}],"curies":[{"name":"wp","href":"https:\/\/api.w.org\/{rel}","templated":true}]}}